{"id":8227,"date":"2023-02-14T17:27:00","date_gmt":"2023-02-14T16:27:00","guid":{"rendered":"https:\/\/casaporciatti.it\/shop\/prodotto\/comm-g-b-burlotto-barolo-cannubi-2015\/"},"modified":"2023-03-16T12:20:54","modified_gmt":"2023-03-16T11:20:54","slug":"comm-g-b-burlotto-barolo-cannubi-2015","status":"publish","type":"product","link":"https:\/\/casaporciatti.it\/shop\/en\/product\/comm-g-b-burlotto-barolo-cannubi-2015\/","title":{"rendered":"COMM. G.B. BURLOTTO BAROLO Cannubi 2015"},"content":{"rendered":"<p>Il Barolo Cannubi del Comm. G.B. Burlotto \u00e8 un magnifico vino proveniente da uno dei siti pi\u00f9 apprezzati di Barolo. Grande intensit\u00e0 con ricordi infiniti di amarena, mirtillo, cuoio, funghi porcini e rose.<\/p>\n<p class=\"p1\">Questa storica tenuta situata nel comune di Verduno nel Barolo DOCG, fu fondata da Giovan Battista Burlotto, il Commendatore, a met\u00e0 del XVIII secolo, durante il quale ottenne l\u2019illustre titolo di \u201cFornitore della Real Casa dei Savoia \u201d ,\u00a0 e \u201cL\u2019unico fornitore della spedizione artica del duca d\u2019Abruzzo al Polo Nord \u201c. Burlotto si distinse introducendo la pratica della vendita di vino in bottiglia con il nome della sua tenuta (alla maniera dei castelli francesi) in un\u2019epoca in cui in Langa era pratica abituale vendere vino in botte.<\/p>\n<p class=\"p1\">La maggior parte dei vigneti della tenuta si trovano nel comune di Verduno, dove si trova anche il famoso cru Monvigliero, che \u00e8 noto per la sua posizione interamente a sud e il suolo di marna bianca.<\/p>\n<p class=\"p1\">La tenuta rimane di propriet\u00e0 della famiglia ed \u00e8 attualmente sotto la direzione della pronipote di Burlotto, Mariana Burlotto, e di suo marito, Giuseppe Alessandria.<\/p>\n","protected":false},"excerpt":{"rendered":"<p>Il Barolo Cannubi del Comm. G.B. Burlotto \u00e8 un magnifico vino proveniente da uno dei siti pi\u00f9 apprezzati di Barolo. [&hellip;]<\/p>\n","protected":false},"featured_media":6244,"template":"","meta":[],"product_brand":[],"product_cat":[1831,1812,1817],"product_tag":[150,251],"class_list":{"0":"post-8227","1":"product","2":"type-product","3":"status-publish","4":"has-post-thumbnail","6":"product_cat-red-drink","7":"product_cat-drink","8":"product_cat-red","9":"product_tag-barolo","10":"product_tag-comm-g-b-burlotto","11":"pa_produttore-comm-g-b-burlotto-en","13":"first","14":"outofstock","15":"shipping-taxable","16":"purchasable","17":"product-type-simple"},"acf":[],"_links":{"self":[{"href":"https:\/\/casaporciatti.it\/shop\/en\/wp-json\/wp\/v2\/product\/8227","targetHints":{"allow":["GET"]}}],"collection":[{"href":"https:\/\/casaporciatti.it\/shop\/en\/wp-json\/wp\/v2\/product"}],"about":[{"href":"https:\/\/casaporciatti.it\/shop\/en\/wp-json\/wp\/v2\/types\/product"}],"wp:featuredmedia":[{"embeddable":true,"href":"https:\/\/casaporciatti.it\/shop\/en\/wp-json\/wp\/v2\/media\/6244"}],"wp:attachment":[{"href":"https:\/\/casaporciatti.it\/shop\/en\/wp-json\/wp\/v2\/media?parent=8227"}],"wp:term":[{"taxonomy":"product_brand","embeddable":true,"href":"https:\/\/casaporciatti.it\/shop\/en\/wp-json\/wp\/v2\/product_brand?post=8227"},{"taxonomy":"product_cat","embeddable":true,"href":"https:\/\/casaporciatti.it\/shop\/en\/wp-json\/wp\/v2\/product_cat?post=8227"},{"taxonomy":"product_tag","embeddable":true,"href":"https:\/\/casaporciatti.it\/shop\/en\/wp-json\/wp\/v2\/product_tag?post=8227"}],"curies":[{"name":"wp","href":"https:\/\/api.w.org\/{rel}","templated":true}]}}