{"id":8193,"date":"2023-02-14T17:28:11","date_gmt":"2023-02-14T16:28:11","guid":{"rendered":"https:\/\/casaporciatti.it\/shop\/prodotto\/tenuta-di-carleone-uno-2019\/"},"modified":"2023-04-03T18:34:29","modified_gmt":"2023-04-03T16:34:29","slug":"tenuta-di-carleone-uno-2020","status":"publish","type":"product","link":"https:\/\/casaporciatti.it\/shop\/en\/product\/tenuta-di-carleone-uno-2020\/","title":{"rendered":"TENUTA DI CARLEONE UNO 2020"},"content":{"rendered":"<p><strong>Tenuta Carleone UNO 2020 \u00e8 la massima espressione del Sangiovese <\/strong>ed \u00e8 una delle pi\u00f9 attese novit\u00e0 enologiche a Radda in Chianti degli ultimi anni. Il sangiovese utilizzato per UNO proviene da un&#8217;attenta selezione dei migliori grappoli di diverse parcelle. Fermentazioni in cemento e macerazioni lunghe&#8230; 40\/60 giorni. Affinamento per 18 mesi in tonneaux per un 10% nuovi. The rest in concrete and steel.<\/p>\n<p>&nbsp;<\/p>\n","protected":false},"excerpt":{"rendered":"<p>Tenuta Carleone UNO 2020 \u00e8 la massima espressione del Sangiovese ed \u00e8 una delle pi\u00f9 attese novit\u00e0 enologiche a Radda [&hellip;]<\/p>\n","protected":false},"featured_media":6170,"template":"","meta":[],"product_brand":[],"product_cat":[1812,1817,1821],"product_tag":[2263,2249,2297,2245,2248,2262],"class_list":{"0":"post-8193","1":"product","2":"type-product","3":"status-publish","4":"has-post-thumbnail","6":"product_cat-drink","7":"product_cat-red","8":"product_cat-featured-product","9":"product_tag-produttore-artigianale-en","10":"product_tag-scelto-da-riccardo-en","11":"product_tag-tenuta-di-carleone-en","12":"product_tag-toscana-igt-en","13":"product_tag-vini-di-radda-en","14":"product_tag-vini-premiati-en","15":"pa_categorie-speciali-vini-pregiati-e-rari-en","16":"pa_categorie-speciali-vini-di-radda-en","17":"pa_chianti-classico-radda-in-chianti-wines","18":"pa_etichette-porciatti-artisan-producers","19":"pa_etichette-porciatti-biodynamic-wine","20":"pa_etichette-porciatti-recommended-by-riccardo","21":"pa_produttore-tenuta-di-carleone-en","23":"first","24":"outofstock","25":"shipping-taxable","26":"purchasable","27":"product-type-simple"},"acf":[],"_links":{"self":[{"href":"https:\/\/casaporciatti.it\/shop\/en\/wp-json\/wp\/v2\/product\/8193","targetHints":{"allow":["GET"]}}],"collection":[{"href":"https:\/\/casaporciatti.it\/shop\/en\/wp-json\/wp\/v2\/product"}],"about":[{"href":"https:\/\/casaporciatti.it\/shop\/en\/wp-json\/wp\/v2\/types\/product"}],"wp:featuredmedia":[{"embeddable":true,"href":"https:\/\/casaporciatti.it\/shop\/en\/wp-json\/wp\/v2\/media\/6170"}],"wp:attachment":[{"href":"https:\/\/casaporciatti.it\/shop\/en\/wp-json\/wp\/v2\/media?parent=8193"}],"wp:term":[{"taxonomy":"product_brand","embeddable":true,"href":"https:\/\/casaporciatti.it\/shop\/en\/wp-json\/wp\/v2\/product_brand?post=8193"},{"taxonomy":"product_cat","embeddable":true,"href":"https:\/\/casaporciatti.it\/shop\/en\/wp-json\/wp\/v2\/product_cat?post=8193"},{"taxonomy":"product_tag","embeddable":true,"href":"https:\/\/casaporciatti.it\/shop\/en\/wp-json\/wp\/v2\/product_tag?post=8193"}],"curies":[{"name":"wp","href":"https:\/\/api.w.org\/{rel}","templated":true}]}}