{"id":8175,"date":"2023-02-14T17:26:37","date_gmt":"2023-02-14T16:26:37","guid":{"rendered":"https:\/\/casaporciatti.it\/shop\/prodotto\/chateau-trottevieille-saint-emilion-premier-grand-cru-classe-2007\/"},"modified":"2023-03-16T12:20:26","modified_gmt":"2023-03-16T11:20:26","slug":"chateau-trottevieille-saint-emilion-premier-grand-cru-classe-2007","status":"publish","type":"product","link":"https:\/\/casaporciatti.it\/shop\/en\/product\/chateau-trottevieille-saint-emilion-premier-grand-cru-classe-2007\/","title":{"rendered":"CHATEAU TROTTEVIEILLE Saint-Emilion Premier Grand-Cru Class\u00e9 2007"},"content":{"rendered":"<p>Il\u00a0Saint-Emilion Premier Grand-Cru Class\u00e9 2007 del Ch\u00e2teau Trottevieille ha un piacevole bouquet di cuoio, profumi di sottobosco. E&#8217; pienamente maturo, ma con grazioso vigore. Al palato \u00e8 di medio corpo con tannino fresco e teso, un filo vivo di acidit\u00e0 e moderata profondit\u00e0 e impressionante piacevolezza nel finale. \u00c8 maturo con note ferrose e di peperone sul finale, con ancora un altro decennio di piacere nel bere.<\/p>\n<p>Una pergamena del 1453 conferma l&#8217;esistenza dei vigneti in questo Ch\u00e2teau e che il nome &#8220;Trotte Vieille&#8221; era utilizzato per questa tenuta gi\u00e0 nel XV secolo. Il nome deriva dal fatto che in questa certosa viveva una signora nel XIV secolo. La signora era molto interessata a ci\u00f2 che accadeva nella citt\u00e0 di Bordeaux e quindi scendeva fino al vicino incrocio dove si fermavano le diligenze venendo da Bordeaux. Poich\u00e9 la signora apparentemente spesso si precipitava alle carrozze, la gente di Saint-Emilion la chiamava &#8220;la trotte vieille&#8221;, la &#8220;vecchia al trotto&#8221;. Questo nome insolito era usato per lo Ch\u00e2teau gi\u00e0 nel XV secolo. In onore della dama, il secondo vino di Trotte Vieille si chiama &#8220;La Vieille Dame de Trotte Vieille &#8220;<\/p>\n<p>Trotte Vieille \u00e8 una delle tenute pi\u00f9 antiche di Saint-Emilion e possiede alcuni dei pi\u00f9 antichi vigneti di Bordeaux poich\u00e9 alcuni di questi sono pre-fillossera e quindi hanno pi\u00f9 di 140 anni.<\/p>\n","protected":false},"excerpt":{"rendered":"<p>Il\u00a0Saint-Emilion Premier Grand-Cru Class\u00e9 2007 del Ch\u00e2teau Trottevieille ha un piacevole bouquet di cuoio, profumi di sottobosco. E&#8217; pienamente maturo, [&hellip;]<\/p>\n","protected":false},"featured_media":6136,"template":"","meta":[],"product_brand":[],"product_cat":[1812,1817],"product_tag":[],"class_list":{"0":"post-8175","1":"product","2":"type-product","3":"status-publish","4":"has-post-thumbnail","6":"product_cat-drink","7":"product_cat-red","8":"pa_categorie-speciali-vini-pregiati-e-rari-en","9":"pa_produttore-chateau-trottevieille-en","11":"first","12":"instock","13":"shipping-taxable","14":"purchasable","15":"product-type-simple"},"acf":[],"_links":{"self":[{"href":"https:\/\/casaporciatti.it\/shop\/en\/wp-json\/wp\/v2\/product\/8175","targetHints":{"allow":["GET"]}}],"collection":[{"href":"https:\/\/casaporciatti.it\/shop\/en\/wp-json\/wp\/v2\/product"}],"about":[{"href":"https:\/\/casaporciatti.it\/shop\/en\/wp-json\/wp\/v2\/types\/product"}],"wp:featuredmedia":[{"embeddable":true,"href":"https:\/\/casaporciatti.it\/shop\/en\/wp-json\/wp\/v2\/media\/6136"}],"wp:attachment":[{"href":"https:\/\/casaporciatti.it\/shop\/en\/wp-json\/wp\/v2\/media?parent=8175"}],"wp:term":[{"taxonomy":"product_brand","embeddable":true,"href":"https:\/\/casaporciatti.it\/shop\/en\/wp-json\/wp\/v2\/product_brand?post=8175"},{"taxonomy":"product_cat","embeddable":true,"href":"https:\/\/casaporciatti.it\/shop\/en\/wp-json\/wp\/v2\/product_cat?post=8175"},{"taxonomy":"product_tag","embeddable":true,"href":"https:\/\/casaporciatti.it\/shop\/en\/wp-json\/wp\/v2\/product_tag?post=8175"}],"curies":[{"name":"wp","href":"https:\/\/api.w.org\/{rel}","templated":true}]}}