{"id":8163,"date":"2023-02-14T17:26:23","date_gmt":"2023-02-14T16:26:23","guid":{"rendered":"https:\/\/casaporciatti.it\/shop\/prodotto\/domaine-ragot-givry-premier-cru-clos-jus-2015\/"},"modified":"2023-03-16T12:20:17","modified_gmt":"2023-03-16T11:20:17","slug":"domaine-ragot-givry-premier-cru-clos-jus-2015","status":"publish","type":"product","link":"https:\/\/casaporciatti.it\/shop\/en\/product\/domaine-ragot-givry-premier-cru-clos-jus-2015\/","title":{"rendered":"DOMAINE RAGOT Givry Premier Cru Clos Jus 2015"},"content":{"rendered":"<p>Il Clos Jus Givry Premier Cru\u00a0 del\u00a0Domaine Ragot \u00e8 una delle eccellenze di Givry.\u00a0 Questo vino proviene da una parcella di 1 ettaro impiantata nel 1990. Il versante di terreni argillosi rossi e calcarei \u00e8 esposto a est. L&#8217;affinamento avviene in botti di rovere, 30% nuove, per un periodo compreso tra 12 e 15 mesi, a seconda dell&#8217;annata. Il colore e cremisi brillante. Il bouquet evoca la fragola e la mora insieme a note di vaniglia, liquirizia e spezie. Piacevole ora con carni rosse alla griglia, brasato di vitello o formaggi come brie, camembert o reblochon, questo vino beneficer\u00e0 anche di 4 o 5 anni di cantina e premier\u00e0 notevolmente il paziente consumatore.<\/p>\n<p>La famiglia Ragot fa risalire la propria storia al 1760, quando Gabriel Ragot coltivava\u00a0 vigneti a Mercurey. Circa un secolo dopo, Louis Ragot stabil\u00ec una propriet\u00e0 a Givry. L\u00ec non solo coltivava uva, ma anche una serie di raccolti diversi, oltre ad allevare bestiame.<\/p>\n<p>Dopo due secoli che la famiglia Ragot produceva vino, scelse di abbandonare le altre fonti di reddito e di concentrarsi esclusivamente sui suoi 5 ettari di uva.<\/p>\n<p>Il Domaine Ragot \u00e8 cresciuto fino a 9 ettari. Vengono prodotti nove vini diversi. Tre sono in premier cru. Il 75% delle viti ha almeno 40 anni e le viti di Chardonnay hanno 50 anni. Il vigneto viene arato pi\u00f9 volte durante l&#8217;anno per rimuovere meccanicamente l&#8217;erba attorno alle viti, evitando cos\u00ec l&#8217;uso di diserbanti. Erba e piante crescono tra le viti lungo i filari. I Ragot sono convinti che questa forma di sana competizione tra piante autoctone e viti non sia solo salutare ma essenziale per un terreno vivo che alla fine non necessita di fertilizzanti sintetici.<\/p>\n<p>Tutte le uve sono raccolte a mano e tutti i grappoli vengono diraspati. Vengono utilizzati solo lieviti indigeni, preservando l&#8217;integrit\u00e0 del carattere del vigneto. Una fermentazione completa avviene normalmente in 10-15 giorni, a seconda dell&#8217;anno.<\/p>\n","protected":false},"excerpt":{"rendered":"<p>Il Clos Jus Givry Premier Cru\u00a0 del\u00a0Domaine Ragot \u00e8 una delle eccellenze di Givry.\u00a0 Questo vino proviene da una parcella [&hellip;]<\/p>\n","protected":false},"featured_media":6100,"template":"","meta":[],"product_brand":[],"product_cat":[1812,1817],"product_tag":[],"class_list":{"0":"post-8163","1":"product","2":"type-product","3":"status-publish","4":"has-post-thumbnail","6":"product_cat-drink","7":"product_cat-red","8":"pa_produttore-domaine-ragot-en","10":"first","11":"outofstock","12":"shipping-taxable","13":"purchasable","14":"product-type-simple"},"acf":[],"_links":{"self":[{"href":"https:\/\/casaporciatti.it\/shop\/en\/wp-json\/wp\/v2\/product\/8163","targetHints":{"allow":["GET"]}}],"collection":[{"href":"https:\/\/casaporciatti.it\/shop\/en\/wp-json\/wp\/v2\/product"}],"about":[{"href":"https:\/\/casaporciatti.it\/shop\/en\/wp-json\/wp\/v2\/types\/product"}],"wp:featuredmedia":[{"embeddable":true,"href":"https:\/\/casaporciatti.it\/shop\/en\/wp-json\/wp\/v2\/media\/6100"}],"wp:attachment":[{"href":"https:\/\/casaporciatti.it\/shop\/en\/wp-json\/wp\/v2\/media?parent=8163"}],"wp:term":[{"taxonomy":"product_brand","embeddable":true,"href":"https:\/\/casaporciatti.it\/shop\/en\/wp-json\/wp\/v2\/product_brand?post=8163"},{"taxonomy":"product_cat","embeddable":true,"href":"https:\/\/casaporciatti.it\/shop\/en\/wp-json\/wp\/v2\/product_cat?post=8163"},{"taxonomy":"product_tag","embeddable":true,"href":"https:\/\/casaporciatti.it\/shop\/en\/wp-json\/wp\/v2\/product_tag?post=8163"}],"curies":[{"name":"wp","href":"https:\/\/api.w.org\/{rel}","templated":true}]}}