{"id":8158,"date":"2023-02-14T17:26:23","date_gmt":"2023-02-14T16:26:23","guid":{"rendered":"https:\/\/casaporciatti.it\/shop\/prodotto\/domaine-amiot-servelle-chambolle-musigny-aoc-2016\/"},"modified":"2023-03-16T12:20:15","modified_gmt":"2023-03-16T11:20:15","slug":"domaine-amiot-servelle-chambolle-musigny-aoc-2016","status":"publish","type":"product","link":"https:\/\/casaporciatti.it\/shop\/en\/product\/domaine-amiot-servelle-chambolle-musigny-aoc-2016\/","title":{"rendered":"DOMAINE AMIOT-SERVELLE Chambolle-Musigny AOC 2016"},"content":{"rendered":"<p>Lo Chambolle-Musigny 2016 del\u00a0Domaine Amiot-Servelle\u00a0ha un bouquet piacevole e disinvolto con sentori di ribes rosso e fragola. Il palato \u00e8 deciso all&#8217;ingresso. Questa \u00e8 una Chambolle-Musigny tipo Morey, con una buona spina dorsale, e un lungo finale.<\/p>\n<p>Il Domaine Amiot-Servelle fu originariamente fondato da Cl\u00e9ment Tachot nel 1920. Successivamente subentr\u00f2 suo genero, Jean Servelle, ribattezzandolo Domaine Servelle-Tachot in onore dell&#8217;unione delle due famiglie.<\/p>\n<p>La figlia di Jean, Elisabeth Servelle, spos\u00f2 Christian Amiot, figlio del famoso produttore di Morey-Saint-Denis Pierre Amiot. Christian ha iniziato a lavorare al domaine con suo suocero. A causa dell&#8217;insistenza di Jean Servelle nell&#8217;evitare gli erbicidi, Christian trascorreva ogni anno molti giorni massacranti nei vigneti armato di zappa. Questi anni di formazione hanno influenzato Christian fino ai giorni nostri. Quando Jean Servelle mor\u00ec nel 1989, Christian subentr\u00f2 e il domaine fu ribattezzato Domaine Amiot-Servelle.<\/p>\n<p>Le vigne di domaine si trovano principalmente a Chambolle-Musigny. Erano appena 6,3 ettari quando fu rilevato da Christian, prima che un altro ettaro fosse aggiunto nel 2010 dal suo lato (Morey) della famiglia che comprendeva un villaggio Morey-Saint-Denis, nonch\u00e9 i grand cru Clos-Saint-Denis e Charmes-Chambertin.<\/p>\n<p>Senza dubbio, i loro Chambolle sono ci\u00f2 per cui Amiot-Servelle \u00e8 rinomata &#8211; e meritatamente. Producono un\u00a0 Chambolle Village da 2,3 ettari di vigneti situati principalmente nell&#8217;eccellente lieu-dit Les Bas Doix che si trova al di sotto del 1er Cru Les Amoureuses. Il domaine imbottiglia anche sette diversi cru premier a partire da piccole parcelle in 1er Cru Derriere la Grange, 1er Cru Les Plantes, 1er Cru Les Fu\u00e9es e 1er Cru Les Feusselottes.<\/p>\n<p>Il Domaine \u00e8 stato a lungo gestito con principi biologici, ma \u00e8 solo dal 2003 che hanno iniziato a esaminare ogni aspetto delle loro pratiche. I primi passi verso la certificazione formale sono stati fatti nel 2005 e hanno ottenuto la certificazione nel 2008. Attualmente, il Domaine Amiot-Servelle rimane l&#8217;unico produttore biologico certificato a Chambolle-Musigny.<\/p>\n<p>I vigneti vengono arati spesso e per nutrire il terreno viene utilizzato il compost organico. L&#8217;estrazione delicata garantisce l&#8217;eliminazione dei tannini verdi nel vino finale, mentre la decisione su quando togliere il mosto dalle bucce si basa esclusivamente sull&#8217;esperienza. I vini trascorrono 18 mesi in botti, di cui non pi\u00f9 del 50% nuove. Dopo circa un anno vengono travasate una volta e imbottigliate a marzo o aprile senza chiarifica e generalmente senza filtrazioni.<\/p>\n<p>Il passaggio alla generazione successiva \u00e8 iniziato con l&#8217;arrivo della figlia di Christian, Prune Amiot nel 2011. Questa vivace vigneronne ha apportato un tocco pi\u00f9 sensibile alle vinificazioni del domaine, con il risultato di avere espressioni pi\u00f9 fini e precise da ogni terroir, senza sacrificare l&#8217;et\u00e0 -degnit\u00e0 per la quale i vini di suo padre sono rinomati. I miglioramenti sono palpabili ad ogni annata che passa. Suo fratello Antoine l&#8217;ha raggiunta al Domaine pochi anni dopo. Oggi, mentre Christian rimane attivo nel vigneto, il passaggio di consegne alla generazione successiva \u00e8 stato completato, rendendo questa operazione pienamente familiare.<\/p>\n<p>I vini del Domaine hanno sempre un sapore fresco e raffinato anche se non si fa troppo affidamento sul rovere nuovo: il 20% di legno nuovo viene utilizzato per il Bourgogne Village\u00a0 e fino al 50% per i due migliori premiers Cru. Ci sono aromi precisi e decisi, cos\u00ec come sapori animati e ben delineati, un&#8217;affermazione di un approccio pi\u00f9 gentile alla vinificazione cos\u00ec come il successo della viticoltura biologica. Mentre questi vini tendono a esemplificare l&#8217;understatement e l&#8217;eleganza di Chambolle, possiedono anche una struttura acuta e fine. Ogni vino ha un&#8217;intensit\u00e0 latente e tuttavia non si presenta mai come pesante o austero.<\/p>\n","protected":false},"excerpt":{"rendered":"<p>Lo Chambolle-Musigny 2016 del\u00a0Domaine Amiot-Servelle\u00a0ha un bouquet piacevole e disinvolto con sentori di ribes rosso e fragola. Il palato \u00e8 [&hellip;]<\/p>\n","protected":false},"featured_media":6085,"template":"","meta":[],"product_brand":[],"product_cat":[1812,1817],"product_tag":[],"class_list":{"0":"post-8158","1":"product","2":"type-product","3":"status-publish","4":"has-post-thumbnail","6":"product_cat-drink","7":"product_cat-red","8":"pa_categorie-speciali-vini-pregiati-e-rari-en","9":"pa_produttore-domaine-amiot-servelle-en","11":"first","12":"outofstock","13":"shipping-taxable","14":"purchasable","15":"product-type-simple"},"acf":[],"_links":{"self":[{"href":"https:\/\/casaporciatti.it\/shop\/en\/wp-json\/wp\/v2\/product\/8158","targetHints":{"allow":["GET"]}}],"collection":[{"href":"https:\/\/casaporciatti.it\/shop\/en\/wp-json\/wp\/v2\/product"}],"about":[{"href":"https:\/\/casaporciatti.it\/shop\/en\/wp-json\/wp\/v2\/types\/product"}],"wp:featuredmedia":[{"embeddable":true,"href":"https:\/\/casaporciatti.it\/shop\/en\/wp-json\/wp\/v2\/media\/6085"}],"wp:attachment":[{"href":"https:\/\/casaporciatti.it\/shop\/en\/wp-json\/wp\/v2\/media?parent=8158"}],"wp:term":[{"taxonomy":"product_brand","embeddable":true,"href":"https:\/\/casaporciatti.it\/shop\/en\/wp-json\/wp\/v2\/product_brand?post=8158"},{"taxonomy":"product_cat","embeddable":true,"href":"https:\/\/casaporciatti.it\/shop\/en\/wp-json\/wp\/v2\/product_cat?post=8158"},{"taxonomy":"product_tag","embeddable":true,"href":"https:\/\/casaporciatti.it\/shop\/en\/wp-json\/wp\/v2\/product_tag?post=8158"}],"curies":[{"name":"wp","href":"https:\/\/api.w.org\/{rel}","templated":true}]}}