{"id":8090,"date":"2023-02-14T17:25:27","date_gmt":"2023-02-14T16:25:27","guid":{"rendered":"https:\/\/casaporciatti.it\/shop\/prodotto\/valentini-montepulciano-dabruzzo-2012\/"},"modified":"2023-03-16T12:19:39","modified_gmt":"2023-03-16T11:19:39","slug":"valentini-montepulciano-dabruzzo-2012","status":"publish","type":"product","link":"https:\/\/casaporciatti.it\/shop\/en\/product\/valentini-montepulciano-dabruzzo-2012\/","title":{"rendered":"VALENTINI MONTEPULCIANO D&#8217;ABRUZZO 2012"},"content":{"rendered":"<p>La reputazione di Valentini si basa sulla forza di tre vini, tutti ai vertici della loro categoria: un Montepulciano d&#8217;Abruzzo straordinariamente portato per invecchiamento e raffinato, un Trebbiano d&#8217;Abruzzo che pu\u00f2 mostrare una complessit\u00e0 non dissimile da quella di un bianco Borgogna invecchiato , e un impareggiabile Cerasuolo d&#8217;Abruzzo, un vino rosato.<\/p>\n<p>Ampiamente considerato il pi\u00f9 grande viticoltore d&#8217;Abruzzo, Edoardo Valentini ha prodotto vino sin dall&#8217;annata 1956 fino alla sua morte nel 2006 all&#8217;et\u00e0 di 72 anni. Durante questo mezzo secolo la sua fama tra gli appassionati di grandi vini italiani \u00e8 cresciuta sino a farne diventare un un&#8217;icona. Il suo approccio unico alla gestione delle viti, combinato con la sua personalit\u00e0 eccentrica, ha fatto alimentato la sua leggenda, ma \u00e8 stata l&#8217;eccellenza in bottiglia a consolidare davvero la sua reputazione come uno dei grandi artigiani italiani di vini naturali.<\/p>\n<p>Rinunciando alla carriera da avvocato, Valentini torn\u00f2 con la famiglia nella loro casa di Loreto Aprutino, a circa mezz&#8217;ora nell&#8217;entroterra pescarese. Ha coltivato circa 60 ettari di terreno coltivato a vigneto distribuito in diversi siti di vigneto e centinaia di acri coltivati \u200b\u200ba alberi da frutto e ulivi.<\/p>\n<p>Valentini \u00e8 diventato famoso per la sua avversione ai media e il disprezzo per il marketing del vino. Di conseguenza, le poche informazioni che possiamo raccogliere sull&#8217;uomo e sui suoi vini servono solo a migliorare la mistica che circonda entrambi. Dalla scomparsa di Edoardo Valentini il figlio Francesco Paolo, coadiuvato dalla moglie El\u00e8na, e dal figlio Gabriele, ha portato avanti con fedelt\u00e0 e rigore la produzione dell&#8217;ammiratissima linea di vini abruzzesi di famiglia. \u00c8 evidente in degustazione che l&#8217;eredit\u00e0 Valentini rimane forte e sar\u00e0 ben curata.<\/p>\n","protected":false},"excerpt":{"rendered":"<p>La reputazione di Valentini si basa sulla forza di tre vini, tutti ai vertici della loro categoria: un Montepulciano d&#8217;Abruzzo [&hellip;]<\/p>\n","protected":false},"featured_media":5875,"template":"","meta":[],"product_brand":[],"product_cat":[1831,1812,1817],"product_tag":[205,206],"class_list":{"0":"post-8090","1":"product","2":"type-product","3":"status-publish","4":"has-post-thumbnail","6":"product_cat-red-drink","7":"product_cat-drink","8":"product_cat-red","9":"product_tag-montepulciano-dabruzzo","10":"product_tag-valentini","11":"pa_produttore-valentini-en","13":"first","14":"outofstock","15":"shipping-taxable","16":"purchasable","17":"product-type-simple"},"acf":[],"_links":{"self":[{"href":"https:\/\/casaporciatti.it\/shop\/en\/wp-json\/wp\/v2\/product\/8090","targetHints":{"allow":["GET"]}}],"collection":[{"href":"https:\/\/casaporciatti.it\/shop\/en\/wp-json\/wp\/v2\/product"}],"about":[{"href":"https:\/\/casaporciatti.it\/shop\/en\/wp-json\/wp\/v2\/types\/product"}],"wp:featuredmedia":[{"embeddable":true,"href":"https:\/\/casaporciatti.it\/shop\/en\/wp-json\/wp\/v2\/media\/5875"}],"wp:attachment":[{"href":"https:\/\/casaporciatti.it\/shop\/en\/wp-json\/wp\/v2\/media?parent=8090"}],"wp:term":[{"taxonomy":"product_brand","embeddable":true,"href":"https:\/\/casaporciatti.it\/shop\/en\/wp-json\/wp\/v2\/product_brand?post=8090"},{"taxonomy":"product_cat","embeddable":true,"href":"https:\/\/casaporciatti.it\/shop\/en\/wp-json\/wp\/v2\/product_cat?post=8090"},{"taxonomy":"product_tag","embeddable":true,"href":"https:\/\/casaporciatti.it\/shop\/en\/wp-json\/wp\/v2\/product_tag?post=8090"}],"curies":[{"name":"wp","href":"https:\/\/api.w.org\/{rel}","templated":true}]}}