{"id":7963,"date":"2023-02-14T17:23:24","date_gmt":"2023-02-14T16:23:24","guid":{"rendered":"https:\/\/casaporciatti.it\/shop\/prodotto\/pian-dellorino-brunello-di-montalcino-vigneti-del-versante-2013\/"},"modified":"2023-03-16T12:18:45","modified_gmt":"2023-03-16T11:18:45","slug":"pian-dellorino-brunello-di-montalcino-vigneti-del-versante-2013","status":"publish","type":"product","link":"https:\/\/casaporciatti.it\/shop\/en\/product\/pian-dellorino-brunello-di-montalcino-vigneti-del-versante-2013\/","title":{"rendered":"PIAN DELL&#8217;ORINO Brunello di Montalcino Vigneti del Versante 2013"},"content":{"rendered":"<p>Il Brunello di Montalcino Vigneti del Versante di Pian dell&#8217;Orino \u00e8 una delle etichette pi\u00f9 intriganti della denominazione.<\/p>\n<p>Le uve vengono attentamente selezionate nei vigneti Pian Bassolino e Cancello Rosso e poi manualmente prima della diraspatura. Dopo la fermentazione in acciaio il vino passa in botti di rovere da 25 hl dove sosta per 2-3 anni e viene messo in commercio dopo un anno di affinamento in bottiglia. Ne nasce un Sangiovese ricco, con sentori di spezie al naso. In bocca \u00e8 fresco e tonico in grado di rilanciare con continuit\u00e0 evidenziando un&#8217;eccellente qualit\u00e0 tannica e un finale nitido e bilanciato.<\/p>\n<p>I vini di Pian dell&#8217;Orino sono sempre sorprendenti: ogni sorso invoglia al sorso successivo senza mai stancare.<\/p>\n","protected":false},"excerpt":{"rendered":"<p>Il Brunello di Montalcino Vigneti del Versante di Pian dell&#8217;Orino \u00e8 una delle etichette pi\u00f9 intriganti della denominazione. Le uve [&hellip;]<\/p>\n","protected":false},"featured_media":5429,"template":"","meta":[],"product_brand":[],"product_cat":[1831,1812,1817],"product_tag":[121,167],"class_list":{"0":"post-7963","1":"product","2":"type-product","3":"status-publish","4":"has-post-thumbnail","6":"product_cat-red-drink","7":"product_cat-drink","8":"product_cat-red","9":"product_tag-brunello-di-montalcino","10":"product_tag-pian-dellorino","11":"pa_categorie-speciali-brunello-di-montalcino-en","12":"pa_categorie-speciali-vini-pregiati-e-rari-en","13":"pa_produttore-pian-dellorino-en","15":"first","16":"outofstock","17":"shipping-taxable","18":"purchasable","19":"product-type-simple"},"acf":[],"_links":{"self":[{"href":"https:\/\/casaporciatti.it\/shop\/en\/wp-json\/wp\/v2\/product\/7963","targetHints":{"allow":["GET"]}}],"collection":[{"href":"https:\/\/casaporciatti.it\/shop\/en\/wp-json\/wp\/v2\/product"}],"about":[{"href":"https:\/\/casaporciatti.it\/shop\/en\/wp-json\/wp\/v2\/types\/product"}],"wp:featuredmedia":[{"embeddable":true,"href":"https:\/\/casaporciatti.it\/shop\/en\/wp-json\/wp\/v2\/media\/5429"}],"wp:attachment":[{"href":"https:\/\/casaporciatti.it\/shop\/en\/wp-json\/wp\/v2\/media?parent=7963"}],"wp:term":[{"taxonomy":"product_brand","embeddable":true,"href":"https:\/\/casaporciatti.it\/shop\/en\/wp-json\/wp\/v2\/product_brand?post=7963"},{"taxonomy":"product_cat","embeddable":true,"href":"https:\/\/casaporciatti.it\/shop\/en\/wp-json\/wp\/v2\/product_cat?post=7963"},{"taxonomy":"product_tag","embeddable":true,"href":"https:\/\/casaporciatti.it\/shop\/en\/wp-json\/wp\/v2\/product_tag?post=7963"}],"curies":[{"name":"wp","href":"https:\/\/api.w.org\/{rel}","templated":true}]}}