{"id":7838,"date":"2023-02-14T17:21:52","date_gmt":"2023-02-14T16:21:52","guid":{"rendered":"https:\/\/casaporciatti.it\/shop\/prodotto\/antinori-solaia-toscana-igt-2014\/"},"modified":"2023-03-16T12:17:29","modified_gmt":"2023-03-16T11:17:29","slug":"antinori-solaia-toscana-igt-2014","status":"publish","type":"product","link":"https:\/\/casaporciatti.it\/shop\/en\/product\/antinori-solaia-toscana-igt-2014\/","title":{"rendered":"ANTINORI SOLAIA Toscana IGT 2014"},"content":{"rendered":"<p>Il <strong>Solaia<\/strong> \u00e8 prodotto dalla famiglia <strong>Antinori<\/strong> a Tenuta Tignanello in Toscana. La prima annata del Solaia \u00e8 stata la 1978 da un assemblaggio di Cabernet sauvignon (80%)e Cabernet Franc (20%). Gi\u00e0 nel 1979 per\u00f2 le percentuali cambiano. Il sangiovese entra a far parte dell&#8217;uvaggio con un 20% e da allora niente \u00e8 cambiato, tranne nella difficile 2002 dove ritorna Cabernet in purezza.<\/p>\n<p>Il nome Solaia deriva dal nome dell&#8217;omonimo vigneto di circa 20 ettari esposto a sud-ovest tra i 350 e i 400 metri s.l.m. su un suolo roccioso calcareo con roccia di alberese e galestro, nelle campagne chiantigiane non lontano da Firenze.<\/p>\n<p>Da molti anni questa bottiglia \u00e8 considerata un &#8220;must have&#8221; fra i collezionisti e gli amanti del buon vino. Immancabile al sicuro nelle migliori cantine del mondo e sulle tavole pi\u00f9 importanti.<\/p>\n","protected":false},"excerpt":{"rendered":"<p>Il Solaia \u00e8 prodotto dalla famiglia Antinori a Tenuta Tignanello in Toscana. La prima annata del Solaia \u00e8 stata la [&hellip;]<\/p>\n","protected":false},"featured_media":5065,"template":"","meta":[],"product_brand":[],"product_cat":[1831,1812,1817],"product_tag":[90,96],"class_list":{"0":"post-7838","1":"product","2":"type-product","3":"status-publish","4":"has-post-thumbnail","6":"product_cat-red-drink","7":"product_cat-drink","8":"product_cat-red","9":"product_tag-antinori","10":"product_tag-solaia","11":"pa_produttore-antinori-en","13":"first","14":"outofstock","15":"shipping-taxable","16":"purchasable","17":"product-type-simple"},"acf":[],"_links":{"self":[{"href":"https:\/\/casaporciatti.it\/shop\/en\/wp-json\/wp\/v2\/product\/7838","targetHints":{"allow":["GET"]}}],"collection":[{"href":"https:\/\/casaporciatti.it\/shop\/en\/wp-json\/wp\/v2\/product"}],"about":[{"href":"https:\/\/casaporciatti.it\/shop\/en\/wp-json\/wp\/v2\/types\/product"}],"wp:featuredmedia":[{"embeddable":true,"href":"https:\/\/casaporciatti.it\/shop\/en\/wp-json\/wp\/v2\/media\/5065"}],"wp:attachment":[{"href":"https:\/\/casaporciatti.it\/shop\/en\/wp-json\/wp\/v2\/media?parent=7838"}],"wp:term":[{"taxonomy":"product_brand","embeddable":true,"href":"https:\/\/casaporciatti.it\/shop\/en\/wp-json\/wp\/v2\/product_brand?post=7838"},{"taxonomy":"product_cat","embeddable":true,"href":"https:\/\/casaporciatti.it\/shop\/en\/wp-json\/wp\/v2\/product_cat?post=7838"},{"taxonomy":"product_tag","embeddable":true,"href":"https:\/\/casaporciatti.it\/shop\/en\/wp-json\/wp\/v2\/product_tag?post=7838"}],"curies":[{"name":"wp","href":"https:\/\/api.w.org\/{rel}","templated":true}]}}