{"id":12242,"date":"2024-06-08T09:28:23","date_gmt":"2024-06-08T07:28:23","guid":{"rendered":"https:\/\/casaporciatti.it\/shop\/?post_type=product&#038;p=12242"},"modified":"2024-06-08T09:35:16","modified_gmt":"2024-06-08T07:35:16","slug":"elio-grasso-barolo-riserva-runcot-2016","status":"publish","type":"product","link":"https:\/\/casaporciatti.it\/shop\/en\/product\/elio-grasso-barolo-riserva-runcot-2016\/","title":{"rendered":"ELIO GRASSO Barolo Riserva Runcot 2016"},"content":{"rendered":"<p>Elio Grasso Barolo Riserva Runcot 2016 \u00e8 un capolavoro enologico che riflette l\u2019eccellenza del terroir di Monforte d&#8217;Alba e la dedizione della cantina Elio Grasso alla produzione di vini di altissima qualit\u00e0. Proveniente da una selezione accurata di uve Nebbiolo, questo Barolo Riserva \u00e8 il frutto di un&#8217;annata eccezionale e di un processo di affinamento che ne esalta la complessit\u00e0 e la longevit\u00e0.<\/p>\n<p>Elio Grasso \u00e8 sinonimo di tradizione e qualit\u00e0 nel cuore delle Langhe. La cantina, a conduzione familiare, \u00e8 impegnata a preservare l&#8217;integrit\u00e0 del territorio di Monforte d&#8217;Alba attraverso pratiche sostenibili e una vinificazione meticolosa. Ogni bottiglia riflette l&#8217;impegno e la passione della famiglia Grasso nel creare vini che esprimono pienamente il carattere del Nebbiolo e la ricchezza del terroir.<\/p>\n<p>Monforte d&#8217;Alba \u00e8 celebre per i suoi terreni calcareo-argillosi che conferiscono ai vini una struttura complessa e una grande capacit\u00e0 di invecchiamento. La vigna Runcot, situata in una posizione privilegiata, beneficia di un microclima unico e di un&#8217;esposizione ottimale che permettono al Nebbiolo di esprimere al meglio le sue potenzialit\u00e0. Il risultato \u00e8 un Barolo di straordinaria eleganza e profondit\u00e0.<\/p>\n","protected":false},"excerpt":{"rendered":"<p>Elio Grasso Barolo Riserva Runcot 2016 \u00e8 un capolavoro enologico che riflette l\u2019eccellenza del terroir di Monforte d&#8217;Alba e la [&hellip;]<\/p>\n","protected":false},"featured_media":12243,"template":"","meta":[],"product_brand":[],"product_cat":[1812,1817],"product_tag":[2333,2665,2263,2249],"class_list":{"0":"post-12242","1":"product","2":"type-product","3":"status-publish","4":"has-post-thumbnail","6":"product_cat-drink","7":"product_cat-red","8":"product_tag-barolo-en","9":"product_tag-elio-grasso-en","10":"product_tag-produttore-artigianale-en","11":"product_tag-scelto-da-riccardo-en","12":"pa_etichette-porciatti-artisan-producers","13":"pa_etichette-porciatti-recommended-by-riccardo","14":"pa_produttore-elio-grasso-en","16":"first","17":"outofstock","18":"shipping-taxable","19":"purchasable","20":"product-type-simple"},"acf":[],"_links":{"self":[{"href":"https:\/\/casaporciatti.it\/shop\/en\/wp-json\/wp\/v2\/product\/12242","targetHints":{"allow":["GET"]}}],"collection":[{"href":"https:\/\/casaporciatti.it\/shop\/en\/wp-json\/wp\/v2\/product"}],"about":[{"href":"https:\/\/casaporciatti.it\/shop\/en\/wp-json\/wp\/v2\/types\/product"}],"wp:featuredmedia":[{"embeddable":true,"href":"https:\/\/casaporciatti.it\/shop\/en\/wp-json\/wp\/v2\/media\/12243"}],"wp:attachment":[{"href":"https:\/\/casaporciatti.it\/shop\/en\/wp-json\/wp\/v2\/media?parent=12242"}],"wp:term":[{"taxonomy":"product_brand","embeddable":true,"href":"https:\/\/casaporciatti.it\/shop\/en\/wp-json\/wp\/v2\/product_brand?post=12242"},{"taxonomy":"product_cat","embeddable":true,"href":"https:\/\/casaporciatti.it\/shop\/en\/wp-json\/wp\/v2\/product_cat?post=12242"},{"taxonomy":"product_tag","embeddable":true,"href":"https:\/\/casaporciatti.it\/shop\/en\/wp-json\/wp\/v2\/product_tag?post=12242"}],"curies":[{"name":"wp","href":"https:\/\/api.w.org\/{rel}","templated":true}]}}