{"id":11892,"date":"2023-02-14T17:32:03","date_gmt":"2023-02-14T16:32:03","guid":{"rendered":"https:\/\/casaporciatti.it\/shop\/prodotto\/jerome-prevost-champagne-la-closerie-extra-brut-nv-lc21\/"},"modified":"2023-02-14T17:32:03","modified_gmt":"2023-02-14T16:32:03","slug":"jerome-prevost-champagne-la-closerie-extra-brut-nv-lc21","status":"publish","type":"product","link":"https:\/\/casaporciatti.it\/shop\/en\/product\/jerome-prevost-champagne-la-closerie-extra-brut-nv-lc21\/","title":{"rendered":"J\u00c9R\u00d4ME PR\u00c9VOST Champagne La Closerie \u201c&amp;\u201d Extra Brut NV LC21"},"content":{"rendered":"<p>The Champagne Extra Brut &#8220;&amp;&#8221; LC 21 by J\u00e9r\u00f4me Pr\u00e9vost LA CLOSERIE is the novelty of the house. It is a blend that combines 20% of Les B\u00e9guines with the balance deriving from other Gueux sites that share the same sandy soils. It is based on the 2019 vintage, with approximately 20% reserve wines from 2018. The label is easy to distinguish thanks to the large red ampersand. It features aromas of pear, red apple, walnuts, fresh bread and mandarin. In the mouth it is a layered and vinous Champagne, with a fleshy heart and a saline finish. Although it is made from purchased grapes, Pr\u00e9vost farms some of the sites and determines the harvest and sorting date. J\u00e9r\u00f4me Pr\u00e9vost and his Champagne winery La Closerie are part of a coalition of small producers producing intense vinous champagnes, transparent to the terroir. Rather than following the traditional Champagne model of blending grapes, vintages and vineyards to produce a &#8220;standardized&#8221; product, J\u00e9r\u00f4me and his fellow &#8220;Champagne Renegades&#8221; produce terroir-specific bottlings dedicated primarily to one grape and one vintage. J\u00e9r\u00f4me inherited a two-hectare plot known as Les B\u00e9guines from his grandmother, who grew up on the same road in the village of Gueux, in the Montagne de Reims, where the winery and family home are located. At Les B\u00e9guines, Pinot Meunier reigns supreme, but there are Pinot Noir, Pinot Grigio and Chardonnay plants scattered throughout the parcel, representing around 5% of the final blend. Furthermore, while a single vintage dominates, J\u00e9r\u00f4me tends to blend in reserve wines of 10-15%. J\u00e9r\u00f4me&#8217;s grandmother had previously rented the vineyards for others to grow, until 1987, when J\u00e9r\u00f4me took over and began selling the grapes directly to the n\u00e9gociants. In the mid-90s he began working for Jacques Selosse and in 1998, with the help of Anselme Selosse, he began producing small quantities of wine in the Selosse cellars in Avize. He continued to produce his wine there until 2001, when he moved production to Gueux. Today, a modern, minimalist house and winery sits on the edge of the vineyard. J\u00e9r\u00f4me was certainly influenced by some of Anselme Selosse&#8217;s unique techniques, including meticulous attention to detail in the vineyard, with extremely low yields (about half the legal limit!) and no chemical additives used in his farming. Like Anselme, J\u00e9r\u00f4me likes to play by his rules and can be a bit of a contrarian when it comes to some of his techniques. Les Beguines is located approximately 10 km west of Reims. It was planted at the end of the 1950s, fortunately before the era of &#8220;super clones&#8221;, therefore with original cuttings of mass selection. J\u00e9r\u00f4me harvests all the grapes by hand and ferments with indigenous yeasts using a mix of used and 600-litre demi-muid barriques. The champagnes are disgorged approximately 16 months after bottling, and finished without dosage and with very little sulfur so as to preserve the sanctity and purity of the underlying wine. This short period sur lattes is unique in Champagne, but J\u00e9r\u00f4me claims that the most interesting evolution of his wines occurs in the bottle in the months and years following disgorgement, as he points out, more like a normal still wine than a Champagne.      <\/p>\n<p>&nbsp;<\/p>\n","protected":false},"excerpt":{"rendered":"<p>The Champagne Extra Brut &#8220;&amp;&#8221; LC 21 by J\u00e9r\u00f4me Pr\u00e9vost LA CLOSERIE is the novelty of the house. It is [&hellip;]<\/p>\n","protected":false},"featured_media":7461,"template":"","meta":[],"product_brand":[],"product_cat":[1812,1818],"product_tag":[2292,2586,2285],"class_list":{"0":"post-11892","1":"product","2":"type-product","3":"status-publish","4":"has-post-thumbnail","6":"product_cat-drink","7":"product_cat-bubbly-wine","8":"product_tag-champagne-en","9":"product_tag-jerome-prevost-la-closerie-en","10":"product_tag-vini-per-le-feste-en","11":"pa_categorie-speciali-vini-per-le-feste-en","12":"pa_produttore-jerome-prevost-la-closerie-en","14":"first","15":"outofstock","16":"shipping-taxable","17":"purchasable","18":"product-type-simple"},"acf":[],"_links":{"self":[{"href":"https:\/\/casaporciatti.it\/shop\/en\/wp-json\/wp\/v2\/product\/11892","targetHints":{"allow":["GET"]}}],"collection":[{"href":"https:\/\/casaporciatti.it\/shop\/en\/wp-json\/wp\/v2\/product"}],"about":[{"href":"https:\/\/casaporciatti.it\/shop\/en\/wp-json\/wp\/v2\/types\/product"}],"wp:featuredmedia":[{"embeddable":true,"href":"https:\/\/casaporciatti.it\/shop\/en\/wp-json\/wp\/v2\/media\/7461"}],"wp:attachment":[{"href":"https:\/\/casaporciatti.it\/shop\/en\/wp-json\/wp\/v2\/media?parent=11892"}],"wp:term":[{"taxonomy":"product_brand","embeddable":true,"href":"https:\/\/casaporciatti.it\/shop\/en\/wp-json\/wp\/v2\/product_brand?post=11892"},{"taxonomy":"product_cat","embeddable":true,"href":"https:\/\/casaporciatti.it\/shop\/en\/wp-json\/wp\/v2\/product_cat?post=11892"},{"taxonomy":"product_tag","embeddable":true,"href":"https:\/\/casaporciatti.it\/shop\/en\/wp-json\/wp\/v2\/product_tag?post=11892"}],"curies":[{"name":"wp","href":"https:\/\/api.w.org\/{rel}","templated":true}]}}