{"id":11803,"date":"2023-11-13T10:24:32","date_gmt":"2023-11-13T09:24:32","guid":{"rendered":"https:\/\/casaporciatti.it\/shop\/?post_type=product&#038;p=11803"},"modified":"2024-08-16T05:12:26","modified_gmt":"2024-08-16T03:12:26","slug":"bollinger-champagne-pn-ayc19","status":"publish","type":"product","link":"https:\/\/casaporciatti.it\/shop\/en\/product\/bollinger-champagne-pn-ayc19\/","title":{"rendered":"BOLLINGER Champagne PN AYC19"},"content":{"rendered":"<p>Welcome to the new chapter of the exploration of Pinot Noir conducted by the famous Maison Bollinger. The Bollinger PN AYC19 Blanc de Noirs Brut cuv\u00e9e represents a journey through the renowned vineyards located in the municipalities of A\u00ff, Tauxi\u00e8res and Verzenay. This exceptional champagne, entirely dedicated to Pinot Noir, is the embodiment of the unique vision that the Maison Bollinger has of this noble grape variety. The Bollinger PN cuv\u00e9e aims to enhance the different facets of Pinot Noir, celebrating its magnificence on different terroirs, each with its distinctive character. Freshness and aromatic purity characterize this Blanc de Noirs Brut from Bollinger. The Cuv\u00e9e PN AYC18 is composed exclusively of Pinot Noir, mainly coming from the Cru A\u00ff. The assembly of this cuv\u00e9e is based on the 2018 vintage, enriched by the contribution of reserve wines dating back to the 2009 vintage. The disgorgement process took place in January 2023, with a Brut dosage of 6 g\/l, to guarantee a perfect balance of freshness and complexity. It combines Bollinger&#8217;s artisan tradition with the mastery of Pinot Noir processing, offering a unique experience for lovers of good champagne. Let yourself be guided by the PN AYC18 cuv\u00e9e to discover the extraordinary expressions of this noble grape variety.<\/p>\n","protected":false},"excerpt":{"rendered":"<p>Welcome to the new chapter of the exploration of Pinot Noir conducted by the famous Maison Bollinger. The Bollinger PN [&hellip;]<\/p>\n","protected":false},"featured_media":11805,"template":"","meta":[],"product_brand":[],"product_cat":[1812,1818],"product_tag":[2292,2249,2285],"class_list":{"0":"post-11803","1":"product","2":"type-product","3":"status-publish","4":"has-post-thumbnail","6":"product_cat-drink","7":"product_cat-bubbly-wine","8":"product_tag-champagne-en","9":"product_tag-scelto-da-riccardo-en","10":"product_tag-vini-per-le-feste-en","11":"pa_categorie-speciali-vini-per-lestate-en","12":"pa_categorie-speciali-vini-per-le-feste-en","13":"pa_etichette-porciatti-recommended-by-riccardo","14":"pa_produttore-bollinger-en","16":"first","17":"instock","18":"shipping-taxable","19":"purchasable","20":"product-type-simple"},"acf":[],"_links":{"self":[{"href":"https:\/\/casaporciatti.it\/shop\/en\/wp-json\/wp\/v2\/product\/11803","targetHints":{"allow":["GET"]}}],"collection":[{"href":"https:\/\/casaporciatti.it\/shop\/en\/wp-json\/wp\/v2\/product"}],"about":[{"href":"https:\/\/casaporciatti.it\/shop\/en\/wp-json\/wp\/v2\/types\/product"}],"wp:featuredmedia":[{"embeddable":true,"href":"https:\/\/casaporciatti.it\/shop\/en\/wp-json\/wp\/v2\/media\/11805"}],"wp:attachment":[{"href":"https:\/\/casaporciatti.it\/shop\/en\/wp-json\/wp\/v2\/media?parent=11803"}],"wp:term":[{"taxonomy":"product_brand","embeddable":true,"href":"https:\/\/casaporciatti.it\/shop\/en\/wp-json\/wp\/v2\/product_brand?post=11803"},{"taxonomy":"product_cat","embeddable":true,"href":"https:\/\/casaporciatti.it\/shop\/en\/wp-json\/wp\/v2\/product_cat?post=11803"},{"taxonomy":"product_tag","embeddable":true,"href":"https:\/\/casaporciatti.it\/shop\/en\/wp-json\/wp\/v2\/product_tag?post=11803"}],"curies":[{"name":"wp","href":"https:\/\/api.w.org\/{rel}","templated":true}]}}