{"id":11799,"date":"2023-11-13T10:13:07","date_gmt":"2023-11-13T09:13:07","guid":{"rendered":"https:\/\/casaporciatti.it\/shop\/?post_type=product&#038;p=11799"},"modified":"2023-11-13T10:24:02","modified_gmt":"2023-11-13T09:24:02","slug":"savart-champagne-ephemere-coeur-de-rose-016","status":"publish","type":"product","link":"https:\/\/casaporciatti.it\/shop\/en\/product\/savart-champagne-ephemere-coeur-de-rose-016\/","title":{"rendered":"SAVART Champagne \u00c9ph\u00e9m\u00e8re Coeur de Ros\u00e9 016"},"content":{"rendered":"<p>Champagne \u00c9ph\u00e9m\u00e8re Coeur de Ros\u00e9 016 is the result of the collaboration between two master champagne winemakers: Fr\u00e9d\u00e9ric Savart and the Dremont maison. Coming from highly prestigious plots of land, this micro production feeds on the roots planted in some of the best terroirs in the region. The old vines selected by the founders give this cuv\u00e9e particular attention and a unique identity. Each vintage is numbered starting from the first year, testifying to the ongoing success of Les \u00c9ph\u00e9m\u00e8res and consolidating its growing reputation. These fine and dynamic bubbles present themselves as delicate and elegant champagnes, ready to delight every palate.<\/p>\n","protected":false},"excerpt":{"rendered":"<p>Champagne \u00c9ph\u00e9m\u00e8re Coeur de Ros\u00e9 016 is the result of the collaboration between two master champagne winemakers: Fr\u00e9d\u00e9ric Savart and [&hellip;]<\/p>\n","protected":false},"featured_media":11801,"template":"","meta":[],"product_brand":[],"product_cat":[1812,1818],"product_tag":[2292,2549,2249,2307,2247],"class_list":{"0":"post-11799","1":"product","2":"type-product","3":"status-publish","4":"has-post-thumbnail","6":"product_cat-drink","7":"product_cat-bubbly-wine","8":"product_tag-champagne-en","9":"product_tag-savart-en","10":"product_tag-scelto-da-riccardo-en","11":"product_tag-vini-per-lestate-en","12":"product_tag-vino-biologico-en","13":"pa_categorie-speciali-vino-biologico-en","14":"pa_etichette-porciatti-recommended-by-riccardo","15":"pa_produttore-frederic-savart-en","17":"first","18":"outofstock","19":"shipping-taxable","20":"purchasable","21":"product-type-simple"},"acf":[],"_links":{"self":[{"href":"https:\/\/casaporciatti.it\/shop\/en\/wp-json\/wp\/v2\/product\/11799","targetHints":{"allow":["GET"]}}],"collection":[{"href":"https:\/\/casaporciatti.it\/shop\/en\/wp-json\/wp\/v2\/product"}],"about":[{"href":"https:\/\/casaporciatti.it\/shop\/en\/wp-json\/wp\/v2\/types\/product"}],"wp:featuredmedia":[{"embeddable":true,"href":"https:\/\/casaporciatti.it\/shop\/en\/wp-json\/wp\/v2\/media\/11801"}],"wp:attachment":[{"href":"https:\/\/casaporciatti.it\/shop\/en\/wp-json\/wp\/v2\/media?parent=11799"}],"wp:term":[{"taxonomy":"product_brand","embeddable":true,"href":"https:\/\/casaporciatti.it\/shop\/en\/wp-json\/wp\/v2\/product_brand?post=11799"},{"taxonomy":"product_cat","embeddable":true,"href":"https:\/\/casaporciatti.it\/shop\/en\/wp-json\/wp\/v2\/product_cat?post=11799"},{"taxonomy":"product_tag","embeddable":true,"href":"https:\/\/casaporciatti.it\/shop\/en\/wp-json\/wp\/v2\/product_tag?post=11799"}],"curies":[{"name":"wp","href":"https:\/\/api.w.org\/{rel}","templated":true}]}}