{"id":11522,"date":"2023-06-01T10:31:59","date_gmt":"2023-06-01T08:31:59","guid":{"rendered":"https:\/\/casaporciatti.it\/shop\/?post_type=product&#038;p=11522"},"modified":"2023-06-01T10:36:01","modified_gmt":"2023-06-01T08:36:01","slug":"clos-rougeard-saumur-champigny-breze-2013-magnum-da-15l","status":"publish","type":"product","link":"https:\/\/casaporciatti.it\/shop\/en\/product\/clos-rougeard-saumur-champigny-breze-2013-magnum-da-15l\/","title":{"rendered":"Clos Rougeard Saumur Champigny Br\u00e9z\u00e9 2013 Magnum da 1,5L"},"content":{"rendered":"<p>The Clos Rougeard Saumur Champigny Br\u00e9z\u00e9 2013 Magnum is vinified in new barrels (20%) and up to four years, has a deep, intensely fruity and chalky, concentrated and elegant bouquet of perfectly ripe fruit, orange and grapefruit, as well as fine iodized notes .<\/p>\n<p>Silky, round and very elegant on the palate, the 2013 Br\u00e9z\u00e9 is a rich and powerful Chenin Blanc, incredibly aromatic, round and finely iodized of exceptional quality. The wine is intensely fruity, juicy, ripe, refined and elegant, finely salty, and ends with a delicious orange amaro. An impressive Chenin Blanc for hedonists<\/p>\n","protected":false},"excerpt":{"rendered":"<p>The Clos Rougeard Saumur Champigny Br\u00e9z\u00e9 2013 Magnum is vinified in new barrels (20%) and up to four years, has [&hellip;]<\/p>\n","protected":false},"featured_media":11377,"template":"","meta":[],"product_brand":[],"product_cat":[1812,1813],"product_tag":[2416,2417,2249],"class_list":{"0":"post-11522","1":"product","2":"type-product","3":"status-publish","4":"has-post-thumbnail","6":"product_cat-drink","7":"product_cat-white","8":"product_tag-clos-rougeard-en","9":"product_tag-saumur-champigny-en","10":"product_tag-scelto-da-riccardo-en","11":"pa_categorie-speciali-vini-pregiati-e-rari-en","12":"pa_produttore-clos-rougeard-en","14":"first","15":"outofstock","16":"shipping-taxable","17":"purchasable","18":"product-type-simple"},"acf":[],"_links":{"self":[{"href":"https:\/\/casaporciatti.it\/shop\/en\/wp-json\/wp\/v2\/product\/11522","targetHints":{"allow":["GET"]}}],"collection":[{"href":"https:\/\/casaporciatti.it\/shop\/en\/wp-json\/wp\/v2\/product"}],"about":[{"href":"https:\/\/casaporciatti.it\/shop\/en\/wp-json\/wp\/v2\/types\/product"}],"wp:featuredmedia":[{"embeddable":true,"href":"https:\/\/casaporciatti.it\/shop\/en\/wp-json\/wp\/v2\/media\/11377"}],"wp:attachment":[{"href":"https:\/\/casaporciatti.it\/shop\/en\/wp-json\/wp\/v2\/media?parent=11522"}],"wp:term":[{"taxonomy":"product_brand","embeddable":true,"href":"https:\/\/casaporciatti.it\/shop\/en\/wp-json\/wp\/v2\/product_brand?post=11522"},{"taxonomy":"product_cat","embeddable":true,"href":"https:\/\/casaporciatti.it\/shop\/en\/wp-json\/wp\/v2\/product_cat?post=11522"},{"taxonomy":"product_tag","embeddable":true,"href":"https:\/\/casaporciatti.it\/shop\/en\/wp-json\/wp\/v2\/product_tag?post=11522"}],"curies":[{"name":"wp","href":"https:\/\/api.w.org\/{rel}","templated":true}]}}